{"id":6059,"date":"2025-08-21T06:53:05","date_gmt":"2025-08-21T04:53:05","guid":{"rendered":"https:\/\/sugardaddydeutschlands.de\/?page_id=6059"},"modified":"2025-08-22T15:09:09","modified_gmt":"2025-08-22T13:09:09","slug":"zusammenarbeiten","status":"publish","type":"page","link":"https:\/\/sugardaddydeutschlands.de\/es\/zusammenarbeiten\/","title":{"rendered":"Colaborar"},"content":{"rendered":"\n<p>M\u00f6chten Sie im <a href=\"https:\/\/sugardaddydeutschlands.de\/blog-sugar\/\">Blog von <strong>SugarDaddyDeutschland<\/strong> <\/a>ver\u00f6ffentlichen? Wir freuen uns \u00fcber Stimmen, die <strong>echte Erfahrungen, Sicherheit, einen praktischen Ansatz und null Sensationalismus<\/strong> einbringen.<\/p>\n\n\n\n<p>Unser Blog behandelt <strong>Sugar Dating zwischen Erwachsenen (18+)<\/strong> im Rahmen von <strong>Mann\u2194Frau-Beziehungen<\/strong>, in \u00dcbereinstimmung mit der Plattform. Wir ver\u00f6ffentlichen keine unrealistischen Versprechen und keine expliziten Inhalte.<\/p>\n\n\n\n<h2 class=\"wp-block-heading\" id=\"h-themen-die-wir-suchen\">Themen, die wir suchen<\/h2>\n\n\n\n<ul class=\"wp-block-list\">\n<li>Sicherheit und Best Practices (Vorab-\u00dcberpr\u00fcfung, erste Treffen, Grenzen, Warnsignale).<\/li>\n\n\n\n<li>Realistische Erwartungen: Geduld, Kommunikation, gesunde Verhandlung.<\/li>\n\n\n\n<li>Profil und Etikette: wie man sich darstellt ohne \u00dcbertreibung, Sprache und Grenzen.<\/li>\n\n\n\n<li>Lifestyle, verantwortungsbewusste pers\u00f6nliche Finanzen (keine Finanzberatung), gesunde Gewohnheiten.<\/li>\n\n\n\n<li>Meinungen und anonymisierte F\u00e4lle (ohne personenbezogene Daten).<\/li>\n<\/ul>\n\n\n\n<h2 class=\"wp-block-heading\" id=\"h-wer-kann-mitwirken\">Wer kann mitwirken<\/h2>\n\n\n\n<p>Journalisten, Fachleute, Content-Creator, Bloggerinnen\/Blogger und Personen mit relevanter Erfahrung.<br>Bitte geben Sie an, ob Sie als Privatperson oder im Namen eines Mediums\/Unternehmens schreiben, und f\u00fcgen Sie die entsprechenden Daten hinzu.<\/p>\n\n\n\n<h2 class=\"wp-block-heading\" id=\"h-wie-sie-ihren-artikel-vorschlagen-pitch-einreichung\">Wie Sie Ihren Artikel vorschlagen (Pitch-Einreichung)<\/h2>\n\n\n\n<p>Senden Sie eine E-Mail an <strong>kooperationen@sugardaddydeutschlands.de<\/strong> mit dem Betreff:<br><strong>Kooperation: [Thema \/ Arbeitstitel] \u2014 [Ihr Name \/ Medium]<\/strong><\/p>\n\n\n\n<p>Pflichtangaben:<\/p>\n\n\n\n<ul class=\"wp-block-list\">\n<li>Thema und Arbeitstitel<\/li>\n\n\n\n<li>Zusammenfassung<\/li>\n\n\n\n<li>Zielpublikum und Nutzen f\u00fcr den Leser<\/li>\n\n\n\n<li>Wenn Sie f\u00fcr ein Medium\/Unternehmen schreiben: Name, URL, Position und Zweck (z. B. Aufkl\u00e4rung, kein Linkbuilding)<\/li>\n\n\n\n<li>Exklusivit\u00e4t: Best\u00e4tigung, dass der Text original und nicht anderweitig ver\u00f6ffentlicht ist<\/li>\n\n\n\n<li>Vorl\u00e4ufige Quellen (falls zutreffend)<\/li>\n\n\n\n<li>Autor:innen-Bio (50\u201380 W\u00f6rter)<\/li>\n\n\n\n<li>Erkl\u00e4rung zu Interessenkonflikten, Sponsoring oder Affiliations (falls vorhanden)<\/li>\n\n\n\n<li>Geplanter Abgabetermin und vorgeschlagene L\u00e4nge<\/li>\n<\/ul>\n\n\n\n<p><strong>Antwort:<\/strong> Wir best\u00e4tigen den Eingang innerhalb von 3\u20135 Werktagen und teilen Annahme, Anpassungen oder Ablehnung mit.<\/p>\n\n\n\n<h2 class=\"wp-block-heading\" id=\"h-schreibregeln\">Schreibregeln<\/h2>\n\n\n\n<ul class=\"wp-block-list\">\n<li>L\u00e4nge: ca. 1.000\u20131.600 W\u00f6rter (flexibel, wenn das Thema es erfordert)<\/li>\n\n\n\n<li>Ton: realistisch, klar, ohne Sensationalismus oder Versprechungen; Deutsch (de-DE), saubere Rechtschreibung<\/li>\n\n\n\n<li>Struktur: H2\/H3, kurze Abs\u00e4tze, Listen und Beispiele; f\u00fcgen Sie eine Einleitung und ein n\u00fctzliches Fazit hinzu<\/li>\n\n\n\n<li>Links: bis zu 2\u20133 externe, qualitativ hochwertige und nicht kommerzielle Links; Verlinkungen auf Blog-Artikel, wenn sinnvoll<\/li>\n\n\n\n<li>Bilder: eigene oder lizenzierte Bilder, mit Quellenangabe und Alt-Text; Format ca. 1200\u00d7675 px<\/li>\n\n\n\n<li>Quellen und Daten: verlinken Sie seri\u00f6se Studien\/Gesetze und geben Sie das Datum an<\/li>\n\n\n\n<li>Datenschutz: F\u00e4lle anonymisiert; niemals personenbezogene Daten ver\u00f6ffentlichen<\/li>\n\n\n\n<li>Verbotene Inhalte: explizit sexuelle Inhalte, F\u00f6rderung sexueller Dienstleistungen, Hass, Betrug, Spam, \u201egarantierte Ergebnisse\u201c, Linkbuilding<\/li>\n\n\n\n<li>Sie k\u00f6nnen Tools (einschlie\u00dflich KI) zur Ideenfindung\/Strukturierung nutzen, aber der endg\u00fcltige Text muss <strong>original und von Ihnen gepr\u00fcft<\/strong> sein. Wir behalten uns \u00dcberpr\u00fcfung und Bearbeitung vor.<\/li>\n<\/ul>\n\n\n\n<h2 class=\"wp-block-heading\" id=\"h-richtlinie-zu-links-und-autorenschaft\">Richtlinie zu Links und Autorenschaft<\/h2>\n\n\n\n<ul class=\"wp-block-list\">\n<li>Autor:innen-Bio: 1 Link (Portfolio oder professionelles Netzwerk)<\/li>\n\n\n\n<li>Im Artikel: relevante, nicht werbliche Links; wir behalten uns das Recht vor, rel=&#8220;nofollow&#8220; anzuwenden<\/li>\n\n\n\n<li>Keine Artikel, deren Hauptzweck <strong>Linkbuilding<\/strong> ist<\/li>\n<\/ul>\n\n\n\n<h2 class=\"wp-block-heading\" id=\"h-redaktioneller-prozess\">Redaktioneller Prozess<\/h2>\n\n\n\n<ol class=\"wp-block-list\">\n<li>\u00dcberpr\u00fcfung des Pitches und ggf. Anpassung des Fokus<\/li>\n\n\n\n<li>Abgabe des Entwurfs (Google Docs \/ Markdown \/ einfaches HTML)<\/li>\n\n\n\n<li>Redaktionelle Bearbeitung (Stil, Recht, Klarheit \u2013 \u00c4nderungen k\u00f6nnen angefordert werden)<\/li>\n\n\n\n<li>Endg\u00fcltige Freigabe, Ver\u00f6ffentlichungstermin und Verbreitung<\/li>\n\n\n\n<li>Nachtr\u00e4gliche Aktualisierungen\/Korrekturen gem\u00e4\u00df unserer <strong><a href=\"https:\/\/sugardaddydeutschlands.de\/korrekturrichtlinie\/\">Korrekturrichtlinie<\/a><\/strong><\/li>\n<\/ol>\n\n\n\n<h2 class=\"wp-block-heading\" id=\"h-rechte-und-lizenz\">Rechte und Lizenz<\/h2>\n\n\n\n<ul class=\"wp-block-list\">\n<li>Der Inhalt muss <strong>original<\/strong> sein<\/li>\n\n\n\n<li>Empfohlene Exklusivit\u00e4t: <strong>90 Tage<\/strong> nach Ver\u00f6ffentlichung (keine vollst\u00e4ndige Zweitver\u00f6ffentlichung; Ausz\u00fcge mit Link erlaubt)<\/li>\n\n\n\n<li>Sie gew\u00e4hren uns Lizenz zur Ver\u00f6ffentlichung, Bearbeitung und Verbreitung \u00fcber unsere Kan\u00e4le mit Nennung der Autor:innen<\/li>\n<\/ul>\n\n\n\n<h2 class=\"wp-block-heading\" id=\"h-vergutung\">Verg\u00fctung<\/h2>\n\n\n\n<ul class=\"wp-block-list\">\n<li><strong>Option A (\u00fcblich f\u00fcr Gastbeitr\u00e4ge):<\/strong> keine Verg\u00fctung; wir bieten Bio mit Link und Verbreitung<\/li>\n\n\n\n<li><strong>Option B:<\/strong> Verg\u00fctung nach Vereinbarung, abh\u00e4ngig von Thema und Qualit\u00e4t (erfordert schriftliche Vereinbarung im Voraus)<\/li>\n<\/ul>\n\n\n\n<h2 class=\"wp-block-heading\" id=\"h-datenschutz\">Datenschutz<\/h2>\n\n\n\n<p>Wir verwenden Ihre Angaben ausschlie\u00dflich zur Verwaltung der Kooperation.<\/p>\n\n\n\n<h2 class=\"wp-block-heading\" id=\"h-wohin-sie-ihren-vorschlag-senden\">Wohin Sie Ihren Vorschlag senden<\/h2>\n\n\n\n<p>E-Mail: <strong>kooperationen@sugardaddydeutschlands.de<\/strong><\/p>\n\n\n\n<h2 class=\"wp-block-heading\" id=\"h-aktualisierungen\">Aktualisierungen<\/h2>\n\n\n\n<p>Letzte \u00dcberarbeitung: <strong>21.08.2025<\/strong><br>Diese Bedingungen k\u00f6nnen aktualisiert werden, um die Klarheit zu verbessern oder rechtlichen Anforderungen zu entsprechen.<\/p>\n","protected":false},"excerpt":{"rendered":"<p>M\u00f6chten Sie im Blog von SugarDaddyDeutschland ver\u00f6ffentlichen? Wir freuen uns \u00fcber Stimmen, die echte Erfahrungen, Sicherheit, einen praktischen Ansatz und null Sensationalismus einbringen. Unser Blog behandelt Sugar Dating zwischen Erwachsenen (18+) im Rahmen von Mann\u2194Frau-Beziehungen, in \u00dcbereinstimmung mit der Plattform. Wir ver\u00f6ffentlichen keine unrealistischen Versprechen und keine expliziten Inhalte. Themen, die wir suchen Wer kann &#8230; <a title=\"Colaborar\" class=\"read-more\" href=\"https:\/\/sugardaddydeutschlands.de\/es\/zusammenarbeiten\/\" aria-label=\"Leer m\u00e1s sobre Zusammenarbeiten\">Read more<\/a><\/p>","protected":false},"author":1,"featured_media":0,"parent":0,"menu_order":0,"comment_status":"closed","ping_status":"closed","template":"","meta":{"generate_page_header":"","footnotes":""},"class_list":["post-6059","page","type-page","status-publish"],"featured_image_urls_v2":{"full":"","thumbnail":"","medium":"","medium_large":"","large":"","1536x1536":"","2048x2048":"","trp-custom-language-flag":""},"post_excerpt_stackable_v2":"<p>M\u00f6chten Sie im Blog von SugarDaddyDeutschland ver\u00f6ffentlichen? Wir freuen uns \u00fcber Stimmen, die echte Erfahrungen, Sicherheit, einen praktischen Ansatz und null Sensationalismus einbringen. Unser Blog behandelt Sugar Dating zwischen Erwachsenen (18+) im Rahmen von Mann\u2194Frau-Beziehungen, in \u00dcbereinstimmung mit der Plattform. Wir ver\u00f6ffentlichen keine unrealistischen Versprechen und keine expliziten Inhalte. Themen, die wir suchen Sicherheit und Best Practices (Vorab-\u00dcberpr\u00fcfung, erste Treffen, Grenzen, Warnsignale). Realistische Erwartungen: Geduld, Kommunikation, gesunde Verhandlung. Profil und Etikette: wie man sich darstellt ohne \u00dcbertreibung, Sprache und Grenzen. Lifestyle, verantwortungsbewusste pers\u00f6nliche Finanzen (keine Finanzberatung), gesunde Gewohnheiten. Meinungen und anonymisierte F\u00e4lle (ohne personenbezogene Daten). Wer kann mitwirken Journalisten, Fachleute,&hellip;<\/p>\n","category_list_v2":"","author_info_v2":{"name":"Administrador de SugarDeutschland","url":"https:\/\/sugardaddydeutschlands.de\/es\/author\/poweb\/"},"comments_num_v2":"0 comments","yoast_head":"<!-- This site is optimized with the Yoast SEO Premium plugin v26.0 (Yoast SEO v27.3) - https:\/\/yoast.com\/product\/yoast-seo-premium-wordpress\/ -->\n<title>Zusammenarbeiten<\/title>\n<meta name=\"robots\" content=\"index, follow, max-snippet:-1, max-image-preview:large, max-video-preview:-1\" \/>\n<link rel=\"canonical\" href=\"https:\/\/sugardaddydeutschlands.de\/es\/zusammenarbeiten\/\" \/>\n<meta property=\"og:locale\" content=\"es_ES\" \/>\n<meta property=\"og:type\" content=\"article\" \/>\n<meta property=\"og:title\" content=\"Zusammenarbeiten\" \/>\n<meta property=\"og:description\" content=\"M\u00f6chten Sie im Blog von SugarDaddyDeutschland ver\u00f6ffentlichen? Wir freuen uns \u00fcber Stimmen, die echte Erfahrungen, Sicherheit, einen praktischen Ansatz und null Sensationalismus einbringen. Unser Blog behandelt Sugar Dating zwischen Erwachsenen (18+) im Rahmen von Mann\u2194Frau-Beziehungen, in \u00dcbereinstimmung mit der Plattform. Wir ver\u00f6ffentlichen keine unrealistischen Versprechen und keine expliziten Inhalte. Themen, die wir suchen Wer kann ... Read more\" \/>\n<meta property=\"og:url\" content=\"https:\/\/sugardaddydeutschlands.de\/es\/zusammenarbeiten\/\" \/>\n<meta property=\"og:site_name\" content=\"sugar daddy Deutschland sugar baby Sugar Date\" \/>\n<meta property=\"article:modified_time\" content=\"2025-08-22T13:09:09+00:00\" \/>\n<meta property=\"og:image\" content=\"https:\/\/sugardaddydeutschlands.de\/wp-content\/uploads\/2019\/12\/cropped-logo-sugardaddy-DE2.png\" \/>\n\t<meta property=\"og:image:width\" content=\"512\" \/>\n\t<meta property=\"og:image:height\" content=\"512\" \/>\n\t<meta property=\"og:image:type\" content=\"image\/png\" \/>\n<meta name=\"twitter:card\" content=\"summary_large_image\" \/>\n<meta name=\"twitter:label1\" content=\"Tiempo de lectura\" \/>\n\t<meta name=\"twitter:data1\" content=\"3 minutos\" \/>\n<script type=\"application\/ld+json\" class=\"yoast-schema-graph\">{\"@context\":\"https:\\\/\\\/schema.org\",\"@graph\":[{\"@type\":\"WebPage\",\"@id\":\"https:\\\/\\\/sugardaddydeutschlands.de\\\/zusammenarbeiten\\\/\",\"url\":\"https:\\\/\\\/sugardaddydeutschlands.de\\\/zusammenarbeiten\\\/\",\"name\":\"Zusammenarbeiten\",\"isPartOf\":{\"@id\":\"https:\\\/\\\/sugardaddydeutschlands.de\\\/#website\"},\"datePublished\":\"2025-08-21T04:53:05+00:00\",\"dateModified\":\"2025-08-22T13:09:09+00:00\",\"breadcrumb\":{\"@id\":\"https:\\\/\\\/sugardaddydeutschlands.de\\\/zusammenarbeiten\\\/#breadcrumb\"},\"inLanguage\":\"es\",\"potentialAction\":[{\"@type\":\"ReadAction\",\"target\":[\"https:\\\/\\\/sugardaddydeutschlands.de\\\/zusammenarbeiten\\\/\"]}]},{\"@type\":\"BreadcrumbList\",\"@id\":\"https:\\\/\\\/sugardaddydeutschlands.de\\\/zusammenarbeiten\\\/#breadcrumb\",\"itemListElement\":[{\"@type\":\"ListItem\",\"position\":1,\"name\":\"Home\",\"item\":\"https:\\\/\\\/sugardaddydeutschlands.de\\\/\"},{\"@type\":\"ListItem\",\"position\":2,\"name\":\"Zusammenarbeiten\"}]},{\"@type\":\"WebSite\",\"@id\":\"https:\\\/\\\/sugardaddydeutschlands.de\\\/#website\",\"url\":\"https:\\\/\\\/sugardaddydeutschlands.de\\\/\",\"name\":\"Sugar Daddy Deutschland\",\"description\":\"sugarbabys, Sugar Daddys\",\"publisher\":{\"@id\":\"https:\\\/\\\/sugardaddydeutschlands.de\\\/#organization\"},\"alternateName\":\"sugar daddy Deutschland by SugarDaddyPlanet\",\"potentialAction\":[{\"@type\":\"SearchAction\",\"target\":{\"@type\":\"EntryPoint\",\"urlTemplate\":\"https:\\\/\\\/sugardaddydeutschlands.de\\\/?s={search_term_string}\"},\"query-input\":{\"@type\":\"PropertyValueSpecification\",\"valueRequired\":true,\"valueName\":\"search_term_string\"}}],\"inLanguage\":\"es\"},{\"@type\":\"Organization\",\"@id\":\"https:\\\/\\\/sugardaddydeutschlands.de\\\/#organization\",\"name\":\"sugar daddy Deutschland sugar baby Sugar Date\",\"url\":\"https:\\\/\\\/sugardaddydeutschlands.de\\\/\",\"logo\":{\"@type\":\"ImageObject\",\"inLanguage\":\"es\",\"@id\":\"https:\\\/\\\/sugardaddydeutschlands.de\\\/#\\\/schema\\\/logo\\\/image\\\/\",\"url\":\"https:\\\/\\\/sugardaddydeutschlands.de\\\/wp-content\\\/uploads\\\/2025\\\/10\\\/cropped-Sugar-Deutschland-Logo-new.avif\",\"contentUrl\":\"https:\\\/\\\/sugardaddydeutschlands.de\\\/wp-content\\\/uploads\\\/2025\\\/10\\\/cropped-Sugar-Deutschland-Logo-new.avif\",\"width\":1023,\"height\":205,\"caption\":\"sugar daddy Deutschland sugar baby Sugar Date\"},\"image\":{\"@id\":\"https:\\\/\\\/sugardaddydeutschlands.de\\\/#\\\/schema\\\/logo\\\/image\\\/\"},\"publishingPrinciples\":\"https:\\\/\\\/sugardaddydeutschlands.de\\\/veroeffentlichungsgrundsaetze\\\/\",\"ownershipFundingInfo\":\"https:\\\/\\\/sugardaddydeutschlands.de\\\/finanzierung\\\/\",\"actionableFeedbackPolicy\":\"https:\\\/\\\/sugardaddydeutschlands.de\\\/aktive-antwort\\\/\",\"correctionsPolicy\":\"https:\\\/\\\/sugardaddydeutschlands.de\\\/korrekturrichtlinie\\\/\",\"ethicsPolicy\":\"https:\\\/\\\/sugardaddydeutschlands.de\\\/ethische-politik\\\/\",\"diversityPolicy\":\"https:\\\/\\\/sugardaddydeutschlands.de\\\/vielfalt\\\/\",\"diversityStaffingReport\":\"https:\\\/\\\/sugardaddydeutschlands.de\\\/vielfalt\\\/\"}]}<\/script>\n<!-- \/ Yoast SEO Premium plugin. -->","yoast_head_json":{"title":"Colaborar","robots":{"index":"index","follow":"follow","max-snippet":"max-snippet:-1","max-image-preview":"max-image-preview:large","max-video-preview":"max-video-preview:-1"},"canonical":"https:\/\/sugardaddydeutschlands.de\/es\/zusammenarbeiten\/","og_locale":"es_ES","og_type":"article","og_title":"Zusammenarbeiten","og_description":"M\u00f6chten Sie im Blog von SugarDaddyDeutschland ver\u00f6ffentlichen? Wir freuen uns \u00fcber Stimmen, die echte Erfahrungen, Sicherheit, einen praktischen Ansatz und null Sensationalismus einbringen. Unser Blog behandelt Sugar Dating zwischen Erwachsenen (18+) im Rahmen von Mann\u2194Frau-Beziehungen, in \u00dcbereinstimmung mit der Plattform. Wir ver\u00f6ffentlichen keine unrealistischen Versprechen und keine expliziten Inhalte. Themen, die wir suchen Wer kann ... Read more","og_url":"https:\/\/sugardaddydeutschlands.de\/es\/zusammenarbeiten\/","og_site_name":"sugar daddy Deutschland sugar baby Sugar Date","article_modified_time":"2025-08-22T13:09:09+00:00","og_image":[{"width":512,"height":512,"url":"https:\/\/sugardaddydeutschlands.de\/wp-content\/uploads\/2019\/12\/cropped-logo-sugardaddy-DE2.png","type":"image\/png"}],"twitter_card":"summary_large_image","twitter_misc":{"Tiempo de lectura":"3 minutos"},"schema":{"@context":"https:\/\/schema.org","@graph":[{"@type":"WebPage","@id":"https:\/\/sugardaddydeutschlands.de\/zusammenarbeiten\/","url":"https:\/\/sugardaddydeutschlands.de\/zusammenarbeiten\/","name":"Colaborar","isPartOf":{"@id":"https:\/\/sugardaddydeutschlands.de\/#website"},"datePublished":"2025-08-21T04:53:05+00:00","dateModified":"2025-08-22T13:09:09+00:00","breadcrumb":{"@id":"https:\/\/sugardaddydeutschlands.de\/zusammenarbeiten\/#breadcrumb"},"inLanguage":"es","potentialAction":[{"@type":"ReadAction","target":["https:\/\/sugardaddydeutschlands.de\/zusammenarbeiten\/"]}]},{"@type":"BreadcrumbList","@id":"https:\/\/sugardaddydeutschlands.de\/zusammenarbeiten\/#breadcrumb","itemListElement":[{"@type":"ListItem","position":1,"name":"Home","item":"https:\/\/sugardaddydeutschlands.de\/"},{"@type":"ListItem","position":2,"name":"Zusammenarbeiten"}]},{"@type":"WebSite","@id":"https:\/\/sugardaddydeutschlands.de\/#website","url":"https:\/\/sugardaddydeutschlands.de\/","name":"Pap\u00e1 rico Alemania","description":"sugarbabys, Sugar Daddys","publisher":{"@id":"https:\/\/sugardaddydeutschlands.de\/#organization"},"alternateName":"sugar daddy Deutschland by SugarDaddyPlanet","potentialAction":[{"@type":"SearchAction","target":{"@type":"EntryPoint","urlTemplate":"https:\/\/sugardaddydeutschlands.de\/?s={search_term_string}"},"query-input":{"@type":"PropertyValueSpecification","valueRequired":true,"valueName":"search_term_string"}}],"inLanguage":"es"},{"@type":"Organization","@id":"https:\/\/sugardaddydeutschlands.de\/#organization","name":"sugar daddy Alemania sugar baby Sugar Date","url":"https:\/\/sugardaddydeutschlands.de\/","logo":{"@type":"ImageObject","inLanguage":"es","@id":"https:\/\/sugardaddydeutschlands.de\/#\/schema\/logo\/image\/","url":"https:\/\/sugardaddydeutschlands.de\/wp-content\/uploads\/2025\/10\/cropped-Sugar-Deutschland-Logo-new.avif","contentUrl":"https:\/\/sugardaddydeutschlands.de\/wp-content\/uploads\/2025\/10\/cropped-Sugar-Deutschland-Logo-new.avif","width":1023,"height":205,"caption":"sugar daddy Deutschland sugar baby Sugar Date"},"image":{"@id":"https:\/\/sugardaddydeutschlands.de\/#\/schema\/logo\/image\/"},"publishingPrinciples":"https:\/\/sugardaddydeutschlands.de\/veroeffentlichungsgrundsaetze\/","ownershipFundingInfo":"https:\/\/sugardaddydeutschlands.de\/finanzierung\/","actionableFeedbackPolicy":"https:\/\/sugardaddydeutschlands.de\/aktive-antwort\/","correctionsPolicy":"https:\/\/sugardaddydeutschlands.de\/korrekturrichtlinie\/","ethicsPolicy":"https:\/\/sugardaddydeutschlands.de\/ethische-politik\/","diversityPolicy":"https:\/\/sugardaddydeutschlands.de\/vielfalt\/","diversityStaffingReport":"https:\/\/sugardaddydeutschlands.de\/vielfalt\/"}]}},"_links":{"self":[{"href":"https:\/\/sugardaddydeutschlands.de\/es\/wp-json\/wp\/v2\/pages\/6059","targetHints":{"allow":["GET"]}}],"collection":[{"href":"https:\/\/sugardaddydeutschlands.de\/es\/wp-json\/wp\/v2\/pages"}],"about":[{"href":"https:\/\/sugardaddydeutschlands.de\/es\/wp-json\/wp\/v2\/types\/page"}],"author":[{"embeddable":true,"href":"https:\/\/sugardaddydeutschlands.de\/es\/wp-json\/wp\/v2\/users\/1"}],"replies":[{"embeddable":true,"href":"https:\/\/sugardaddydeutschlands.de\/es\/wp-json\/wp\/v2\/comments?post=6059"}],"version-history":[{"count":0,"href":"https:\/\/sugardaddydeutschlands.de\/es\/wp-json\/wp\/v2\/pages\/6059\/revisions"}],"wp:attachment":[{"href":"https:\/\/sugardaddydeutschlands.de\/es\/wp-json\/wp\/v2\/media?parent=6059"}],"curies":[{"name":"wp","href":"https:\/\/api.w.org\/{rel}","templated":true}]}}