{"id":2080,"date":"2018-12-24T11:18:13","date_gmt":"2018-12-24T11:18:13","guid":{"rendered":"https:\/\/sugardaddydeutschelands.de\/?page_id=2080"},"modified":"2026-02-25T09:29:17","modified_gmt":"2026-02-25T08:29:17","slug":"contact","status":"publish","type":"page","link":"https:\/\/sugardaddydeutschlands.de\/ro\/contact\/","title":{"rendered":"Contact \u0219i asisten\u021b\u0103"},"content":{"rendered":"<p><!-- NAVEGACI\u00d3N R\u00c1PIDA --><\/p>\n\n\n<div class=\"wp-block-buttons is-content-justification-center is-layout-flex wp-container-core-buttons-is-layout-16018d1d wp-block-buttons-is-layout-flex\">\n<div class=\"wp-block-button is-style-outline is-style-outline--1\"><a class=\"wp-block-button__link has-text-color wp-element-button\" href=\"https:\/\/sugardaddydeutschlands.de\/ro\/#Was-ist-ein-Sugar-Daddy\" style=\"color:#7a5c00\">Ce este un sugar daddy?<\/a><\/div>\n\n\n\n<div class=\"wp-block-button is-style-outline is-style-outline--2\"><a class=\"wp-block-button__link has-text-color wp-element-button\" href=\"https:\/\/sugardaddydeutschlands.de\/ro\/#sugarbaby\" style=\"color:#7a5c00\">Ce este un sugar baby?<\/a><\/div>\n\n\n\n<div class=\"wp-block-button is-style-outline is-style-outline--3\"><a class=\"wp-block-button__link has-text-color wp-element-button\" href=\"https:\/\/sugardaddydeutschlands.de\/ro\/#faqs\" style=\"color:#7a5c00\">FAQs Sugar Dating<\/a><\/div>\n\n\n\n<div class=\"wp-block-button is-style-outline is-style-outline--4\"><a class=\"wp-block-button__link has-text-color wp-element-button\" href=\"https:\/\/sugardaddydeutschlands.de\/ro\/hilfezentrum\/\" style=\"color:#7a5c00\">FAQs zur Nutzung der Plattform<\/a><\/div>\n\n\n\n<div class=\"wp-block-button is-style-outline is-style-outline--5\"><a class=\"wp-block-button__link has-text-color wp-element-button\" href=\"https:\/\/sugardaddydeutschlands.de\/ro\/sicheres-dating\/\" style=\"color:#7a5c00\">Leitfaden f\u00fcr sicheres Dating<\/a><\/div>\n<\/div>\n\n\n<p><!-- SE\u00d1ALES DE CONFIANZA --><\/p>\n\n\n<div class=\"trust-signals\">\n<span>\u2705 100 % discret<\/span>\n<span>\ud83d\udd12 Protec\u021bia datelor \u00een conformitate cu GDPR<\/span>\n<span>\ud83d\udc65 Re\u021bea social\u0103 real\u0103<\/span>\n<span>\u2b50 Profiluri verificate<\/span>\n<span>\ud83d\udeab Nicio agen\u021bie de escort\u0103<\/span>\n<\/div>\n\n\n<p><!-- INTRO --><\/p>\n\n\n<p class=\"has-text-align-center\">Hast du eine Frage, einen Vorschlag oder ben\u00f6tigst du Hilfe? Nutze das folgende Kontaktformular oder schreib uns direkt per E-Mail \u2013 wir antworten so schnell wie m\u00f6glich.<\/p>\n\n\n<p><!-- ============================================ --><br \/>\n<!-- H2: KONTAKTFORMULAR --><br \/>\n<!-- ============================================ --><\/p>\n\n\n<h2 class=\"wp-block-heading has-text-align-center\" id=\"kontaktformular\">Schreib uns eine Nachricht<\/h2>\n\n\n\n<div class=\"wp-block-contact-form-7-contact-form-selector\">\n<div class=\"wpcf7 no-js\" id=\"wpcf7-f4211-o1\" lang=\"de-DE\" dir=\"ltr\" data-wpcf7-id=\"4211\">\n<div class=\"screen-reader-response\"><p role=\"status\" aria-live=\"polite\" aria-atomic=\"true\"><\/p> <ul><\/ul><\/div>\n<form action=\"\/ro\/wp-json\/wp\/v2\/pages\/2080#wpcf7-f4211-o1\" method=\"post\" class=\"wpcf7-form init\" aria-label=\"Kontaktformular\" novalidate=\"novalidate\" data-status=\"init\" data-trp-original-action=\"\/ro\/wp-json\/wp\/v2\/pages\/2080#wpcf7-f4211-o1\">\n<fieldset class=\"hidden-fields-container\"><input type=\"hidden\" name=\"_wpcf7\" value=\"4211\" \/><input type=\"hidden\" name=\"_wpcf7_version\" value=\"6.1.5\" \/><input type=\"hidden\" name=\"_wpcf7_locale\" value=\"de_DE\" \/><input type=\"hidden\" name=\"_wpcf7_unit_tag\" value=\"wpcf7-f4211-o1\" \/><input type=\"hidden\" name=\"_wpcf7_container_post\" value=\"0\" \/><input type=\"hidden\" name=\"_wpcf7_posted_data_hash\" value=\"\" \/><input type=\"hidden\" name=\"_wpcf7_recaptcha_response\" value=\"\" \/>\n<\/fieldset>\n<p><label> Dein Name<br \/>\n<span class=\"wpcf7-form-control-wrap\" data-name=\"your-name\"><input size=\"40\" maxlength=\"400\" class=\"wpcf7-form-control wpcf7-text wpcf7-validates-as-required\" aria-required=\"true\" aria-invalid=\"false\" value=\"\" type=\"text\" name=\"your-name\" \/><\/span> <\/label>\n<\/p>\n<p><label> Deine E-Mail-Adresse<br \/>\n<span class=\"wpcf7-form-control-wrap\" data-name=\"your-email\"><input size=\"40\" maxlength=\"400\" class=\"wpcf7-form-control wpcf7-email wpcf7-validates-as-required wpcf7-text wpcf7-validates-as-email\" aria-required=\"true\" aria-invalid=\"false\" value=\"\" type=\"email\" name=\"your-email\" \/><\/span> <\/label>\n<\/p>\n<p><label> Betreff<br \/>\n<span class=\"wpcf7-form-control-wrap\" data-name=\"your-subject\"><input size=\"40\" maxlength=\"400\" class=\"wpcf7-form-control wpcf7-text wpcf7-validates-as-required\" aria-required=\"true\" aria-invalid=\"false\" value=\"\" type=\"text\" name=\"your-subject\" \/><\/span> <\/label>\n<\/p>\n<p><label> Deine Nachricht (optional)<br \/>\n<span class=\"wpcf7-form-control-wrap\" data-name=\"your-message\"><textarea cols=\"40\" rows=\"10\" maxlength=\"2000\" class=\"wpcf7-form-control wpcf7-textarea\" aria-invalid=\"false\" name=\"your-message\"><\/textarea><\/span> <\/label>\n<\/p>\n<p><input class=\"wpcf7-form-control wpcf7-submit has-spinner\" type=\"submit\" value=\"Senden\" \/>\n<\/p><div class=\"wpcf7-response-output\" aria-hidden=\"true\"><\/div>\n<input type=\"hidden\" name=\"trp-form-language\" value=\"ro\"\/><\/form>\n<\/div>\n<\/div>\n\n\n<p><!-- ============================================ --><br \/>\n<!-- H2: WEITERE KONTAKTM\u00d6GLICHKEITEN --><br \/>\n<!-- ============================================ --><\/p>\n\n\n<h2 class=\"wp-block-heading has-text-align-center\" id=\"kontakt-optionen\">Weitere Kontaktm\u00f6glichkeiten<\/h2>\n\n\n\n<div class=\"wp-block-columns is-layout-flex wp-container-core-columns-is-layout-9d6595d7 wp-block-columns-is-layout-flex\">\n<div class=\"wp-block-column has-white-background-color has-background is-layout-flow wp-block-column-is-layout-flow\">\n<p class=\"has-text-align-center\" style=\"font-size:36px\">\ud83d\udce7<\/p>\n\n\n\n<h4 class=\"wp-block-heading has-text-align-center\">Allgemeine Anfragen<\/h4>\n\n\n\n<p class=\"has-text-align-center\"><strong>info@sugardaddydeutschlands.de<\/strong><\/p>\n<\/div>\n\n\n\n<div class=\"wp-block-column has-white-background-color has-background is-layout-flow wp-block-column-is-layout-flow\">\n<p class=\"has-text-align-center\" style=\"font-size:36px\">\ud83d\udcac<\/p>\n\n\n\n<h4 class=\"wp-block-heading has-text-align-center\">Technischer Support<\/h4>\n\n\n\n<p class=\"has-text-align-center\"><strong>support@sugardaddydeutschlands.de<\/strong><\/p>\n<\/div>\n\n\n\n<div class=\"wp-block-column has-white-background-color has-background is-layout-flow wp-block-column-is-layout-flow\">\n<p class=\"has-text-align-center\" style=\"font-size:36px\">\ud83d\udea8<\/p>\n\n\n\n<h4 class=\"wp-block-heading has-text-align-center\">Missbrauch melden<\/h4>\n\n\n\n<p class=\"has-text-align-center\"><strong>meldungen@sugardaddydeutschlands.de<\/strong><\/p>\n<\/div>\n<\/div>\n\n\n\n<div class=\"wp-block-columns is-layout-flex wp-container-core-columns-is-layout-9d6595d7 wp-block-columns-is-layout-flex\">\n<div class=\"wp-block-column has-white-background-color has-background is-layout-flow wp-block-column-is-layout-flow\">\n<p class=\"has-text-align-center\" style=\"font-size:36px\">\ud83d\udd10<\/p>\n\n\n\n<h4 class=\"wp-block-heading has-text-align-center\">Datenschutz<\/h4>\n\n\n\n<p class=\"has-text-align-center\"><strong>datenschutz@sugardaddydeutschlands.de<\/strong><\/p>\n<\/div>\n\n\n\n<div class=\"wp-block-column has-white-background-color has-background is-layout-flow wp-block-column-is-layout-flow\">\n<p class=\"has-text-align-center\" style=\"font-size:36px\">\u2696\ufe0f<\/p>\n\n\n\n<h4 class=\"wp-block-heading has-text-align-center\">Rechtliches<\/h4>\n\n\n\n<p class=\"has-text-align-center\"><strong>recht@sugardaddydeutschlands.de<\/strong><\/p>\n<\/div>\n\n\n\n<div class=\"wp-block-column has-white-background-color has-background is-layout-flow wp-block-column-is-layout-flow\">\n<p class=\"has-text-align-center\" style=\"font-size:36px\">\ud83d\udce9<\/p>\n\n\n\n<h4 class=\"wp-block-heading has-text-align-center\">Einspr\u00fcche<\/h4>\n\n\n\n<p class=\"has-text-align-center\"><strong>einspruch@sugardaddydeutschlands.de<\/strong><\/p>\n<\/div>\n<\/div>\n\n\n<p><!-- CTA --><\/p>\n\n\n<p class=\"has-text-align-center\"><strong><a href=\"https:\/\/sugardaddyplanet.com\/de\/register\/\" target=\"_blank\" rel=\"noreferrer noopener\">\u2192 \u00cenregistreaz\u0103-te acum gratuit ca sugar daddy sau sugar baby<\/a><\/strong><\/p>\n\n\n<p><!-- ============================================ --><br \/>\n<!-- NAVEGACI\u00d3N INTERNA --><br \/>\n<!-- ============================================ --><\/p>\n\n\n<div class=\"wp-block-ugb-columns ugb-columns ugb-kt-nav ugb-columns--design-plain ugb-columns--columns-4 ugb-main-block\"><div class=\"ugb-inner-block\"><div class=\"ugb-block-content\"><div class=\"ugb-columns__item ugb-kt-nav-content-wrapper\">\n\n<div class=\"wp-block-ugb-column ugb-column ugb-kt-nav1 ugb-column--design-plain ugb-main-block\"><div class=\"ugb-inner-block\"><div class=\"ugb-block-content\"><div class=\"ugb-column__item ugb-kt-nav1-column-wrapper\"><div class=\"ugb-column__content-wrapper\">\n\n<p><a href=\"https:\/\/sugardaddydeutschlands.de\/ro\/#Was-ist-ein-Sugar-Daddy\">Ce este un sugar daddy?<\/a><\/p>\n\n<\/div><\/div><\/div><\/div><\/div>\n\n\n<div class=\"wp-block-ugb-column ugb-column ugb-kt-nav2 ugb-column--design-plain ugb-main-block\"><div class=\"ugb-inner-block\"><div class=\"ugb-block-content\"><div class=\"ugb-column__item ugb-kt-nav2-column-wrapper\"><div class=\"ugb-column__content-wrapper\">\n\n<p><a href=\"https:\/\/sugardaddydeutschlands.de\/ro\/#queessugardating\">Ce sunt \u00eent\u00e2lnirile cu zah\u0103r?<\/a><\/p>\n\n<\/div><\/div><\/div><\/div><\/div>\n\n\n<div class=\"wp-block-ugb-column ugb-column ugb-kt-nav3 ugb-column--design-plain ugb-main-block\"><div class=\"ugb-inner-block\"><div class=\"ugb-block-content\"><div class=\"ugb-column__item ugb-kt-nav3-column-wrapper\"><div class=\"ugb-column__content-wrapper\">\n\n<p><a href=\"https:\/\/sugardaddydeutschlands.de\/ro\/sicheres-dating\/\">\u00cent\u00e2lniri sigure<\/a><\/p>\n\n<\/div><\/div><\/div><\/div><\/div>\n\n\n<div class=\"wp-block-ugb-column ugb-column ugb-kt-nav4 ugb-column--design-plain ugb-main-block\"><div class=\"ugb-inner-block\"><div class=\"ugb-block-content\"><div class=\"ugb-column__item ugb-kt-nav4-column-wrapper\"><div class=\"ugb-column__content-wrapper\">\n\n<p><a href=\"https:\/\/sugardaddydeutschlands.de\/ro\/hilfezentrum\/\">Hilfezentrum<\/a><\/p>\n\n<\/div><\/div><\/div><\/div><\/div>\n\n<\/div><\/div><\/div><\/div>","protected":false},"excerpt":{"rendered":"<p>\u2705 100 % diskret \ud83d\udd12 Datenschutz nach DSGVO \ud83d\udc65 Echtes soziales Netzwerk \u2b50 Verifizierte Profile \ud83d\udeab Keine Escort-Agentur Hast du eine Frage, einen Vorschlag oder ben\u00f6tigst du Hilfe? Nutze das folgende Kontaktformular oder schreib uns direkt per E-Mail \u2013 wir antworten so schnell wie m\u00f6glich. Schreib uns eine Nachricht Weitere Kontaktm\u00f6glichkeiten \ud83d\udce7 Allgemeine Anfragen info@sugardaddydeutschlands.de &#8230; <a title=\"Contact \u0219i asisten\u021b\u0103\" class=\"read-more\" href=\"https:\/\/sugardaddydeutschlands.de\/ro\/contact\/\" aria-label=\"Cite\u0219te mai multe despre Contact et support\">Read more<\/a><\/p>","protected":false},"author":1,"featured_media":0,"parent":0,"menu_order":0,"comment_status":"closed","ping_status":"closed","template":"","meta":{"generate_page_header":"","footnotes":""},"class_list":["post-2080","page","type-page","status-publish"],"featured_image_urls_v2":{"full":"","thumbnail":"","medium":"","medium_large":"","large":"","1536x1536":"","2048x2048":"","trp-custom-language-flag":""},"post_excerpt_stackable_v2":"<p>Was ist ein Sugar Daddy? Was ist ein Sugar Baby? FAQs Sugar Dating FAQs zur Nutzung der Plattform Leitfaden f\u00fcr sicheres Dating \u2705 100 % diskret \ud83d\udd12 Datenschutz nach DSGVO \ud83d\udc65 Echtes soziales Netzwerk \u2b50 Verifizierte Profile \ud83d\udeab Keine Escort-Agentur Hast du eine Frage, einen Vorschlag oder ben\u00f6tigst du Hilfe? Nutze das folgende Kontaktformular oder schreib uns direkt per E-Mail \u2013 wir antworten so schnell wie m\u00f6glich. Schreib uns eine Nachricht Dein Name Deine E-Mail-Adresse Betreff Deine Nachricht (optional) Weitere Kontaktm\u00f6glichkeiten \ud83d\udce7 Allgemeine Anfragen info@sugardaddydeutschlands.de \ud83d\udcac Technischer Support support@sugardaddydeutschlands.de \ud83d\udea8 Missbrauch melden meldungen@sugardaddydeutschlands.de \ud83d\udd10 Datenschutz datenschutz@sugardaddydeutschlands.de \u2696\ufe0f Rechtliches recht@sugardaddydeutschlands.de \ud83d\udce9&hellip;<\/p>\n","category_list_v2":"","author_info_v2":{"name":"Administrator de SugarGermany","url":"https:\/\/sugardaddydeutschlands.de\/ro\/author\/poweb\/"},"comments_num_v2":"0 comments","yoast_head":"<!-- This site is optimized with the Yoast SEO Premium plugin v26.0 (Yoast SEO v27.3) - https:\/\/yoast.com\/product\/yoast-seo-premium-wordpress\/ -->\n<title>Contact et support<\/title>\n<meta name=\"robots\" content=\"index, follow, max-snippet:-1, max-image-preview:large, max-video-preview:-1\" \/>\n<link rel=\"canonical\" href=\"https:\/\/sugardaddydeutschlands.de\/ro\/contact\/\" \/>\n<meta property=\"og:locale\" content=\"ro_RO\" \/>\n<meta property=\"og:type\" content=\"article\" \/>\n<meta property=\"og:title\" content=\"Contact et support\" \/>\n<meta property=\"og:description\" content=\"\u2705 100 % diskret \ud83d\udd12 Datenschutz nach DSGVO \ud83d\udc65 Echtes soziales Netzwerk \u2b50 Verifizierte Profile \ud83d\udeab Keine Escort-Agentur Hast du eine Frage, einen Vorschlag oder ben\u00f6tigst du Hilfe? Nutze das folgende Kontaktformular oder schreib uns direkt per E-Mail \u2013 wir antworten so schnell wie m\u00f6glich. Schreib uns eine Nachricht Weitere Kontaktm\u00f6glichkeiten \ud83d\udce7 Allgemeine Anfragen info@sugardaddydeutschlands.de ... Read more\" \/>\n<meta property=\"og:url\" content=\"https:\/\/sugardaddydeutschlands.de\/ro\/contact\/\" \/>\n<meta property=\"og:site_name\" content=\"sugar daddy Deutschland sugar baby Sugar Date\" \/>\n<meta property=\"article:modified_time\" content=\"2026-02-25T08:29:17+00:00\" \/>\n<meta property=\"og:image\" content=\"https:\/\/sugardaddydeutschlands.de\/wp-content\/uploads\/2019\/12\/cropped-logo-sugardaddy-DE2.png\" \/>\n\t<meta property=\"og:image:width\" content=\"512\" \/>\n\t<meta property=\"og:image:height\" content=\"512\" \/>\n\t<meta property=\"og:image:type\" content=\"image\/png\" \/>\n<meta name=\"twitter:card\" content=\"summary_large_image\" \/>\n<meta name=\"twitter:label1\" content=\"Timp estimat pentru citire\" \/>\n\t<meta name=\"twitter:data1\" content=\"1 minut\" \/>\n<script type=\"application\/ld+json\" class=\"yoast-schema-graph\">{\"@context\":\"https:\\\/\\\/schema.org\",\"@graph\":[{\"@type\":\"WebPage\",\"@id\":\"https:\\\/\\\/sugardaddydeutschlands.de\\\/contact\\\/\",\"url\":\"https:\\\/\\\/sugardaddydeutschlands.de\\\/contact\\\/\",\"name\":\"Contact et support\",\"isPartOf\":{\"@id\":\"https:\\\/\\\/sugardaddydeutschlands.de\\\/#website\"},\"datePublished\":\"2018-12-24T11:18:13+00:00\",\"dateModified\":\"2026-02-25T08:29:17+00:00\",\"breadcrumb\":{\"@id\":\"https:\\\/\\\/sugardaddydeutschlands.de\\\/contact\\\/#breadcrumb\"},\"inLanguage\":\"ro-RO\",\"potentialAction\":[{\"@type\":\"ReadAction\",\"target\":[\"https:\\\/\\\/sugardaddydeutschlands.de\\\/contact\\\/\"]}]},{\"@type\":\"BreadcrumbList\",\"@id\":\"https:\\\/\\\/sugardaddydeutschlands.de\\\/contact\\\/#breadcrumb\",\"itemListElement\":[{\"@type\":\"ListItem\",\"position\":1,\"name\":\"Home\",\"item\":\"https:\\\/\\\/sugardaddydeutschlands.de\\\/\"},{\"@type\":\"ListItem\",\"position\":2,\"name\":\"Contact et support\"}]},{\"@type\":\"WebSite\",\"@id\":\"https:\\\/\\\/sugardaddydeutschlands.de\\\/#website\",\"url\":\"https:\\\/\\\/sugardaddydeutschlands.de\\\/\",\"name\":\"Sugar Daddy Deutschland\",\"description\":\"sugarbabys, Sugar Daddys\",\"publisher\":{\"@id\":\"https:\\\/\\\/sugardaddydeutschlands.de\\\/#organization\"},\"alternateName\":\"sugar daddy Deutschland by SugarDaddyPlanet\",\"potentialAction\":[{\"@type\":\"SearchAction\",\"target\":{\"@type\":\"EntryPoint\",\"urlTemplate\":\"https:\\\/\\\/sugardaddydeutschlands.de\\\/?s={search_term_string}\"},\"query-input\":{\"@type\":\"PropertyValueSpecification\",\"valueRequired\":true,\"valueName\":\"search_term_string\"}}],\"inLanguage\":\"ro-RO\"},{\"@type\":\"Organization\",\"@id\":\"https:\\\/\\\/sugardaddydeutschlands.de\\\/#organization\",\"name\":\"sugar daddy Deutschland sugar baby Sugar Date\",\"url\":\"https:\\\/\\\/sugardaddydeutschlands.de\\\/\",\"logo\":{\"@type\":\"ImageObject\",\"inLanguage\":\"ro-RO\",\"@id\":\"https:\\\/\\\/sugardaddydeutschlands.de\\\/#\\\/schema\\\/logo\\\/image\\\/\",\"url\":\"https:\\\/\\\/sugardaddydeutschlands.de\\\/wp-content\\\/uploads\\\/2025\\\/10\\\/cropped-Sugar-Deutschland-Logo-new.avif\",\"contentUrl\":\"https:\\\/\\\/sugardaddydeutschlands.de\\\/wp-content\\\/uploads\\\/2025\\\/10\\\/cropped-Sugar-Deutschland-Logo-new.avif\",\"width\":1023,\"height\":205,\"caption\":\"sugar daddy Deutschland sugar baby Sugar Date\"},\"image\":{\"@id\":\"https:\\\/\\\/sugardaddydeutschlands.de\\\/#\\\/schema\\\/logo\\\/image\\\/\"},\"publishingPrinciples\":\"https:\\\/\\\/sugardaddydeutschlands.de\\\/veroeffentlichungsgrundsaetze\\\/\",\"ownershipFundingInfo\":\"https:\\\/\\\/sugardaddydeutschlands.de\\\/finanzierung\\\/\",\"actionableFeedbackPolicy\":\"https:\\\/\\\/sugardaddydeutschlands.de\\\/aktive-antwort\\\/\",\"correctionsPolicy\":\"https:\\\/\\\/sugardaddydeutschlands.de\\\/korrekturrichtlinie\\\/\",\"ethicsPolicy\":\"https:\\\/\\\/sugardaddydeutschlands.de\\\/ethische-politik\\\/\",\"diversityPolicy\":\"https:\\\/\\\/sugardaddydeutschlands.de\\\/vielfalt\\\/\",\"diversityStaffingReport\":\"https:\\\/\\\/sugardaddydeutschlands.de\\\/vielfalt\\\/\"}]}<\/script>\n<!-- \/ Yoast SEO Premium plugin. -->","yoast_head_json":{"title":"Contact \u0219i asisten\u021b\u0103","robots":{"index":"index","follow":"follow","max-snippet":"max-snippet:-1","max-image-preview":"max-image-preview:large","max-video-preview":"max-video-preview:-1"},"canonical":"https:\/\/sugardaddydeutschlands.de\/ro\/contact\/","og_locale":"ro_RO","og_type":"article","og_title":"Contact et support","og_description":"\u2705 100 % diskret \ud83d\udd12 Datenschutz nach DSGVO \ud83d\udc65 Echtes soziales Netzwerk \u2b50 Verifizierte Profile \ud83d\udeab Keine Escort-Agentur Hast du eine Frage, einen Vorschlag oder ben\u00f6tigst du Hilfe? Nutze das folgende Kontaktformular oder schreib uns direkt per E-Mail \u2013 wir antworten so schnell wie m\u00f6glich. Schreib uns eine Nachricht Weitere Kontaktm\u00f6glichkeiten \ud83d\udce7 Allgemeine Anfragen info@sugardaddydeutschlands.de ... Read more","og_url":"https:\/\/sugardaddydeutschlands.de\/ro\/contact\/","og_site_name":"sugar daddy Deutschland sugar baby Sugar Date","article_modified_time":"2026-02-25T08:29:17+00:00","og_image":[{"width":512,"height":512,"url":"https:\/\/sugardaddydeutschlands.de\/wp-content\/uploads\/2019\/12\/cropped-logo-sugardaddy-DE2.png","type":"image\/png"}],"twitter_card":"summary_large_image","twitter_misc":{"Timp estimat pentru citire":"1 minut"},"schema":{"@context":"https:\/\/schema.org","@graph":[{"@type":"WebPage","@id":"https:\/\/sugardaddydeutschlands.de\/contact\/","url":"https:\/\/sugardaddydeutschlands.de\/contact\/","name":"Contact \u0219i asisten\u021b\u0103","isPartOf":{"@id":"https:\/\/sugardaddydeutschlands.de\/#website"},"datePublished":"2018-12-24T11:18:13+00:00","dateModified":"2026-02-25T08:29:17+00:00","breadcrumb":{"@id":"https:\/\/sugardaddydeutschlands.de\/contact\/#breadcrumb"},"inLanguage":"ro-RO","potentialAction":[{"@type":"ReadAction","target":["https:\/\/sugardaddydeutschlands.de\/contact\/"]}]},{"@type":"BreadcrumbList","@id":"https:\/\/sugardaddydeutschlands.de\/contact\/#breadcrumb","itemListElement":[{"@type":"ListItem","position":1,"name":"Home","item":"https:\/\/sugardaddydeutschlands.de\/"},{"@type":"ListItem","position":2,"name":"Contact et support"}]},{"@type":"WebSite","@id":"https:\/\/sugardaddydeutschlands.de\/#website","url":"https:\/\/sugardaddydeutschlands.de\/","name":"Sugar Daddy Germania","description":"sugarbabies, sugar daddies","publisher":{"@id":"https:\/\/sugardaddydeutschlands.de\/#organization"},"alternateName":"sugar daddy Deutschland by SugarDaddyPlanet","potentialAction":[{"@type":"SearchAction","target":{"@type":"EntryPoint","urlTemplate":"https:\/\/sugardaddydeutschlands.de\/?s={search_term_string}"},"query-input":{"@type":"PropertyValueSpecification","valueRequired":true,"valueName":"search_term_string"}}],"inLanguage":"ro-RO"},{"@type":"Organization","@id":"https:\/\/sugardaddydeutschlands.de\/#organization","name":"sugar daddy Germania sugar baby Sugar Date","url":"https:\/\/sugardaddydeutschlands.de\/","logo":{"@type":"ImageObject","inLanguage":"ro-RO","@id":"https:\/\/sugardaddydeutschlands.de\/#\/schema\/logo\/image\/","url":"https:\/\/sugardaddydeutschlands.de\/wp-content\/uploads\/2025\/10\/cropped-Sugar-Deutschland-Logo-new.avif","contentUrl":"https:\/\/sugardaddydeutschlands.de\/wp-content\/uploads\/2025\/10\/cropped-Sugar-Deutschland-Logo-new.avif","width":1023,"height":205,"caption":"sugar daddy Deutschland sugar baby Sugar Date"},"image":{"@id":"https:\/\/sugardaddydeutschlands.de\/#\/schema\/logo\/image\/"},"publishingPrinciples":"https:\/\/sugardaddydeutschlands.de\/veroeffentlichungsgrundsaetze\/","ownershipFundingInfo":"https:\/\/sugardaddydeutschlands.de\/finanzierung\/","actionableFeedbackPolicy":"https:\/\/sugardaddydeutschlands.de\/aktive-antwort\/","correctionsPolicy":"https:\/\/sugardaddydeutschlands.de\/korrekturrichtlinie\/","ethicsPolicy":"https:\/\/sugardaddydeutschlands.de\/ethische-politik\/","diversityPolicy":"https:\/\/sugardaddydeutschlands.de\/vielfalt\/","diversityStaffingReport":"https:\/\/sugardaddydeutschlands.de\/vielfalt\/"}]}},"_links":{"self":[{"href":"https:\/\/sugardaddydeutschlands.de\/ro\/wp-json\/wp\/v2\/pages\/2080","targetHints":{"allow":["GET"]}}],"collection":[{"href":"https:\/\/sugardaddydeutschlands.de\/ro\/wp-json\/wp\/v2\/pages"}],"about":[{"href":"https:\/\/sugardaddydeutschlands.de\/ro\/wp-json\/wp\/v2\/types\/page"}],"author":[{"embeddable":true,"href":"https:\/\/sugardaddydeutschlands.de\/ro\/wp-json\/wp\/v2\/users\/1"}],"replies":[{"embeddable":true,"href":"https:\/\/sugardaddydeutschlands.de\/ro\/wp-json\/wp\/v2\/comments?post=2080"}],"version-history":[{"count":0,"href":"https:\/\/sugardaddydeutschlands.de\/ro\/wp-json\/wp\/v2\/pages\/2080\/revisions"}],"wp:attachment":[{"href":"https:\/\/sugardaddydeutschlands.de\/ro\/wp-json\/wp\/v2\/media?parent=2080"}],"curies":[{"name":"wp","href":"https:\/\/api.w.org\/{rel}","templated":true}]}}